{"id":8,"date":"2026-03-19T17:42:12","date_gmt":"2026-03-19T14:42:12","guid":{"rendered":"http:\/\/gaziantepcekicivearackurtarma.com\/?page_id=8"},"modified":"2026-04-22T20:41:12","modified_gmt":"2026-04-22T17:41:12","slug":"contact","status":"publish","type":"page","link":"https:\/\/gaziantepcekicivearackurtarma.com\/index.php\/contact\/","title":{"rendered":"\u0130leti\u015fim"},"content":{"rendered":"\n<p><strong>Adres<\/strong><br>K\u00fcsget Sanayi Sitesi<br>Gaziantep, 27000<\/p>\n\n\n\n<p><strong>Telefon<\/strong><br><a href=\"tel:+90546 809 90 90\">0546 809 90 90<\/a><br>\u0130BRAH\u0130M GE\u00c7ER<\/p>\n\n\n\n<iframe src=\"https:\/\/www.google.com\/maps\/embed?pb=!1m14!1m12!1m3!1d25463.545995570235!2d37.4299809!3d37.0826585!2m3!1f0!2f0!3f0!3m2!1i1024!2i768!4f13.1!5e0!3m2!1sen!2str!4v1776879595748!5m2!1sen!2str\" width=\"100%\" height=\"450\" style=\"border:0;\" allowfullscreen=\"\" loading=\"lazy\" referrerpolicy=\"no-referrer-when-downgrade\"><\/iframe>\n","protected":false},"excerpt":{"rendered":"<p>AdresK\u00fcsget Sanayi SitesiGaziantep, 27000 Telefon0546 809 90 90\u0130BRAH\u0130M GE\u00c7ER<\/p>\n","protected":false},"author":1,"featured_media":0,"parent":0,"menu_order":0,"comment_status":"closed","ping_status":"closed","template":"","meta":{"om_disable_all_campaigns":false,"_monsterinsights_skip_tracking":false,"_monsterinsights_sitenote_active":false,"_monsterinsights_sitenote_note":"","_monsterinsights_sitenote_category":0,"_joinchat":[],"footnotes":""},"class_list":["post-8","page","type-page","status-publish","hentry"],"aioseo_notices":[],"_links":{"self":[{"href":"https:\/\/gaziantepcekicivearackurtarma.com\/index.php\/wp-json\/wp\/v2\/pages\/8","targetHints":{"allow":["GET"]}}],"collection":[{"href":"https:\/\/gaziantepcekicivearackurtarma.com\/index.php\/wp-json\/wp\/v2\/pages"}],"about":[{"href":"https:\/\/gaziantepcekicivearackurtarma.com\/index.php\/wp-json\/wp\/v2\/types\/page"}],"author":[{"embeddable":true,"href":"https:\/\/gaziantepcekicivearackurtarma.com\/index.php\/wp-json\/wp\/v2\/users\/1"}],"replies":[{"embeddable":true,"href":"https:\/\/gaziantepcekicivearackurtarma.com\/index.php\/wp-json\/wp\/v2\/comments?post=8"}],"version-history":[{"count":2,"href":"https:\/\/gaziantepcekicivearackurtarma.com\/index.php\/wp-json\/wp\/v2\/pages\/8\/revisions"}],"predecessor-version":[{"id":114,"href":"https:\/\/gaziantepcekicivearackurtarma.com\/index.php\/wp-json\/wp\/v2\/pages\/8\/revisions\/114"}],"wp:attachment":[{"href":"https:\/\/gaziantepcekicivearackurtarma.com\/index.php\/wp-json\/wp\/v2\/media?parent=8"}],"curies":[{"name":"wp","href":"https:\/\/api.w.org\/{rel}","templated":true}]}}