{"id":7,"date":"2026-03-19T17:42:12","date_gmt":"2026-03-19T14:42:12","guid":{"rendered":"http:\/\/gaziantepcekicivearackurtarma.com\/?page_id=7"},"modified":"2026-04-22T19:48:11","modified_gmt":"2026-04-22T16:48:11","slug":"hakkimizda","status":"publish","type":"page","link":"https:\/\/gaziantepcekicivearackurtarma.com\/index.php\/hakkimizda\/","title":{"rendered":"Hakk\u0131m\u0131zda"},"content":{"rendered":"\n<div class=\"wp-block-columns emart-promotional-content is-layout-flex wp-container-core-columns-is-layout-9d6595d7 wp-block-columns-is-layout-flex\">\n<div class=\"wp-block-column is-layout-flow wp-block-column-is-layout-flow\" style=\"flex-basis:66.66%\">\n<div class=\"wp-block-columns is-layout-flex wp-container-core-columns-is-layout-9d6595d7 wp-block-columns-is-layout-flex\">\n<div class=\"wp-block-column is-layout-flow wp-block-column-is-layout-flow\">\n<h2 class=\"wp-block-heading has-x-large-font-size\">\u0130brahim Ge\u00e7er<\/h2>\n<\/div>\n\n\n\n<div class=\"wp-block-column is-layout-flow wp-block-column-is-layout-flow\">\n<p class=\"has-text-align-center\">Gaziantep\u2019te profesyonel \u00e7ekici ve yol yard\u0131m hizmeti sunuyoruz. 7\/24 h\u0131zl\u0131, g\u00fcvenilir ve uygun fiyatl\u0131 \u00e7\u00f6z\u00fcmlerle arac\u0131n\u0131z\u0131 g\u00fcvenle ta\u015f\u0131yoruz. Deneyimli ekibimiz ve modern ekipmanlar\u0131m\u0131zla her zaman yan\u0131n\u0131zday\u0131z.<\/p>\n\n\n\n<p class=\"has-text-align-center\">Babadan devrald\u0131\u011f\u0131m \u00e7ekici ve ara\u00e7 kurtarma hizmetini \u00e7a\u011f\u0131n ileti\u015fim h\u0131z\u0131na ve teknolojisine uygun olarak s\u00fcrd\u00fcrmekteyim. <\/p>\n<\/div>\n<\/div>\n<\/div>\n\n\n\n<div class=\"wp-block-column is-layout-flow wp-block-column-is-layout-flow\" style=\"flex-basis:33.33%\">\n<figure class=\"wp-block-image size-full\"><img loading=\"lazy\" decoding=\"async\" width=\"415\" height=\"543\" src=\"https:\/\/gaziantepcekicivearackurtarma.com\/wp-content\/uploads\/2026\/04\/gaziantep_cekici_ve_arac_kurtarma-hakkimizda-1.jpg\" alt=\"\u0130brahim Ge\u00e7er - Gaziantep \u00e7ekici ve ara\u00e7 kurtarma\" class=\"wp-image-106\" srcset=\"https:\/\/gaziantepcekicivearackurtarma.com\/wp-content\/uploads\/2026\/04\/gaziantep_cekici_ve_arac_kurtarma-hakkimizda-1.jpg 415w, https:\/\/gaziantepcekicivearackurtarma.com\/wp-content\/uploads\/2026\/04\/gaziantep_cekici_ve_arac_kurtarma-hakkimizda-1-229x300.jpg 229w\" sizes=\"auto, (max-width: 415px) 100vw, 415px\" \/><\/figure>\n<\/div>\n<\/div>\n","protected":false},"excerpt":{"rendered":"<p>\u0130brahim Ge\u00e7er Gaziantep\u2019te profesyonel \u00e7ekici ve yol yard\u0131m hizmeti sunuyoruz. 7\/24 h\u0131zl\u0131, g\u00fcvenilir ve uygun fiyatl\u0131 \u00e7\u00f6z\u00fcmlerle arac\u0131n\u0131z\u0131 g\u00fcvenle ta\u015f\u0131yoruz. Deneyimli ekibimiz ve modern ekipmanlar\u0131m\u0131zla her zaman yan\u0131n\u0131zday\u0131z. Babadan devrald\u0131\u011f\u0131m \u00e7ekici ve ara\u00e7 kurtarma hizmetini \u00e7a\u011f\u0131n ileti\u015fim h\u0131z\u0131na ve teknolojisine uygun olarak s\u00fcrd\u00fcrmekteyim.<\/p>\n","protected":false},"author":1,"featured_media":0,"parent":0,"menu_order":0,"comment_status":"closed","ping_status":"closed","template":"","meta":{"om_disable_all_campaigns":false,"_monsterinsights_skip_tracking":false,"_monsterinsights_sitenote_active":false,"_monsterinsights_sitenote_note":"","_monsterinsights_sitenote_category":0,"_joinchat":[],"footnotes":""},"class_list":["post-7","page","type-page","status-publish","hentry"],"aioseo_notices":[],"_links":{"self":[{"href":"https:\/\/gaziantepcekicivearackurtarma.com\/index.php\/wp-json\/wp\/v2\/pages\/7","targetHints":{"allow":["GET"]}}],"collection":[{"href":"https:\/\/gaziantepcekicivearackurtarma.com\/index.php\/wp-json\/wp\/v2\/pages"}],"about":[{"href":"https:\/\/gaziantepcekicivearackurtarma.com\/index.php\/wp-json\/wp\/v2\/types\/page"}],"author":[{"embeddable":true,"href":"https:\/\/gaziantepcekicivearackurtarma.com\/index.php\/wp-json\/wp\/v2\/users\/1"}],"replies":[{"embeddable":true,"href":"https:\/\/gaziantepcekicivearackurtarma.com\/index.php\/wp-json\/wp\/v2\/comments?post=7"}],"version-history":[{"count":4,"href":"https:\/\/gaziantepcekicivearackurtarma.com\/index.php\/wp-json\/wp\/v2\/pages\/7\/revisions"}],"predecessor-version":[{"id":108,"href":"https:\/\/gaziantepcekicivearackurtarma.com\/index.php\/wp-json\/wp\/v2\/pages\/7\/revisions\/108"}],"wp:attachment":[{"href":"https:\/\/gaziantepcekicivearackurtarma.com\/index.php\/wp-json\/wp\/v2\/media?parent=7"}],"curies":[{"name":"wp","href":"https:\/\/api.w.org\/{rel}","templated":true}]}}