{"id":6,"date":"2026-03-19T17:42:12","date_gmt":"2026-03-19T14:42:12","guid":{"rendered":"http:\/\/gaziantepcekicivearackurtarma.com\/?page_id=6"},"modified":"2026-04-22T19:20:41","modified_gmt":"2026-04-22T16:20:41","slug":"homepage","status":"publish","type":"page","link":"https:\/\/gaziantepcekicivearackurtarma.com\/","title":{"rendered":"Homepage"},"content":{"rendered":"\n<div class=\"wp-block-columns icon-box-wrap is-layout-flex wp-container-core-columns-is-layout-9d6595d7 wp-block-columns-is-layout-flex\">\n<div class=\"wp-block-column wp-block-columns is-layout-flow wp-block-column-is-layout-flow\">\n<div class=\"wp-block-column item-box is-layout-flow wp-block-column-is-layout-flow\">\n<h4 class=\"wp-block-heading\">24 \/ 7 Hizmet<\/h4>\n\n\n\n<p>24 \/ 7 ara\u00e7 kurtarma ve \u00e7ekici hizmeti i\u00e7in haz\u0131r\u0131z.<\/p>\n<\/div>\n<\/div>\n\n\n\n<div class=\"wp-block-column wp-block-columns is-layout-flow wp-block-column-is-layout-flow\">\n<div class=\"wp-block-column item-box is-layout-flow wp-block-column-is-layout-flow\">\n<h4 class=\"wp-block-heading\">Her An Her Yerdeyiz<\/h4>\n\n\n\n<p>Sadece Gaziantep&#8217;te de\u011fil her yerdeyiz!<\/p>\n<\/div>\n<\/div>\n\n\n\n<div class=\"wp-block-column wp-block-columns is-layout-flow wp-block-column-is-layout-flow\">\n<div class=\"wp-block-column item-box is-layout-flow wp-block-column-is-layout-flow\">\n<h4 class=\"wp-block-heading\">100 % Memnuniyet<\/h4>\n\n\n\n<p>Yolda kald\u0131m diye tasalanmay\u0131n!<\/p>\n<\/div>\n<\/div>\n\n\n\n<div class=\"wp-block-column wp-block-columns is-layout-flow wp-block-column-is-layout-flow\">\n<div class=\"wp-block-column item-box is-layout-flow wp-block-column-is-layout-flow\">\n<h4 class=\"wp-block-heading\">Emniyetle Ta\u015f\u0131ma<\/h4>\n\n\n\n<p>100 % Emniyetli bir \u015fekilde arac\u0131n\u0131z\u0131 \u00e7ekeriz<\/p>\n<\/div>\n<\/div>\n<\/div>\n\n\n\n<div class=\"wp-block-group emart-block-categoires\" style=\"padding-bottom:var(--wp--preset--spacing--large)\"><div class=\"wp-block-group__inner-container is-layout-constrained wp-block-group-is-layout-constrained\">\n<div class=\"wp-block-group\" style=\"margin-bottom:var(--wp--preset--spacing--small)\"><div class=\"wp-block-group__inner-container is-layout-constrained wp-block-group-is-layout-constrained\">\n<h2 class=\"wp-block-heading has-text-align-center\">Ara\u00e7 Kurtarma Referanslar\u0131m\u0131z<\/h2>\n\n\n\n<p class=\"has-text-align-center\">Gaziantep \u00e7ekici ve ara\u00e7 kurtarma olarak \u015fimdiye kadar kurtard\u0131\u011f\u0131m\u0131z say\u0131s\u0131z ara\u00e7tan baz\u0131lar\u0131&#8230;<\/p>\n<\/div><\/div>\n\n\n\n<div class=\"wp-block-columns is-layout-flex wp-container-core-columns-is-layout-5e620cd0 wp-block-columns-is-layout-flex\">\n<div class=\"wp-block-column is-layout-flow wp-block-column-is-layout-flow\">\n<div class=\"wp-block-cover is-light has-custom-content-position is-position-bottom-center\" style=\"border-top-left-radius:16px;border-top-right-radius:16px;margin-top:0;margin-bottom:0;padding-top:0;padding-right:0;padding-bottom:0;padding-left:0;min-height:320px;aspect-ratio:unset;\"><img loading=\"lazy\" decoding=\"async\" width=\"768\" height=\"1024\" class=\"wp-block-cover__image-background wp-image-50 size-large\" alt=\"\" src=\"https:\/\/gaziantepcekicivearackurtarma.com\/wp-content\/uploads\/2026\/04\/gaziantep_cekici_ve_arac_kurtarma12-768x1024.jpeg\" style=\"object-position:51% 63%\" data-object-fit=\"cover\" data-object-position=\"51% 63%\" srcset=\"https:\/\/gaziantepcekicivearackurtarma.com\/wp-content\/uploads\/2026\/04\/gaziantep_cekici_ve_arac_kurtarma12-768x1024.jpeg 768w, https:\/\/gaziantepcekicivearackurtarma.com\/wp-content\/uploads\/2026\/04\/gaziantep_cekici_ve_arac_kurtarma12-225x300.jpeg 225w, https:\/\/gaziantepcekicivearackurtarma.com\/wp-content\/uploads\/2026\/04\/gaziantep_cekici_ve_arac_kurtarma12-1152x1536.jpeg 1152w, https:\/\/gaziantepcekicivearackurtarma.com\/wp-content\/uploads\/2026\/04\/gaziantep_cekici_ve_arac_kurtarma12.jpeg 1536w\" sizes=\"auto, (max-width: 768px) 100vw, 768px\" \/><span aria-hidden=\"true\" class=\"wp-block-cover__background has-background-dim-0 has-background-dim\" style=\"background-color:#f8edda\"><\/span><div class=\"wp-block-cover__inner-container is-layout-constrained wp-container-core-cover-is-layout-f1253992 wp-block-cover-is-layout-constrained\">\n<div class=\"wp-block-group has-background\" style=\"background-color:#ffffffe3\"><div class=\"wp-block-group__inner-container is-layout-constrained wp-block-group-is-layout-constrained\">\n<h5 class=\"wp-block-heading has-text-align-center\">\u015eehirleraras\u0131<\/h5>\n\n\n\n<p class=\"has-text-align-center\" style=\"padding-top:8px;font-size:11px\">(Adana &#8211; Gaziantep)<\/p>\n<\/div><\/div>\n<\/div><\/div>\n<\/div>\n\n\n\n<div class=\"wp-block-column is-layout-flow wp-block-column-is-layout-flow\">\n<div class=\"wp-block-cover has-custom-content-position is-position-bottom-center\" style=\"border-top-left-radius:16px;border-top-right-radius:16px;margin-top:0;margin-bottom:0;padding-top:0;padding-right:0;padding-bottom:0;padding-left:0;min-height:320px;aspect-ratio:unset;\"><img loading=\"lazy\" decoding=\"async\" width=\"768\" height=\"1024\" class=\"wp-block-cover__image-background wp-image-53 size-large\" alt=\"\" src=\"https:\/\/gaziantepcekicivearackurtarma.com\/wp-content\/uploads\/2026\/04\/gaziantep_cekici_ve_arac_kurtarma19-768x1024.jpeg\" data-object-fit=\"cover\" srcset=\"https:\/\/gaziantepcekicivearackurtarma.com\/wp-content\/uploads\/2026\/04\/gaziantep_cekici_ve_arac_kurtarma19-768x1024.jpeg 768w, https:\/\/gaziantepcekicivearackurtarma.com\/wp-content\/uploads\/2026\/04\/gaziantep_cekici_ve_arac_kurtarma19-225x300.jpeg 225w, https:\/\/gaziantepcekicivearackurtarma.com\/wp-content\/uploads\/2026\/04\/gaziantep_cekici_ve_arac_kurtarma19-1152x1536.jpeg 1152w, https:\/\/gaziantepcekicivearackurtarma.com\/wp-content\/uploads\/2026\/04\/gaziantep_cekici_ve_arac_kurtarma19.jpeg 1536w\" sizes=\"auto, (max-width: 768px) 100vw, 768px\" \/><span aria-hidden=\"true\" class=\"wp-block-cover__background has-background-dim-0 has-background-dim\" style=\"background-color:#fae2e8\"><\/span><div class=\"wp-block-cover__inner-container is-layout-constrained wp-container-core-cover-is-layout-f1253992 wp-block-cover-is-layout-constrained\">\n<div class=\"wp-block-group has-background\" style=\"background-color:#ffffffe3\"><div class=\"wp-block-group__inner-container is-layout-constrained wp-block-group-is-layout-constrained\">\n<h5 class=\"wp-block-heading has-text-align-center\">Gece Kurtarma<\/h5>\n\n\n\n<p class=\"has-text-align-center\" style=\"padding-top:8px;font-size:11px\">(\u015eantiye \u0131\u015f\u0131klar\u0131yla)<\/p>\n<\/div><\/div>\n<\/div><\/div>\n<\/div>\n\n\n\n<div class=\"wp-block-column is-layout-flow wp-block-column-is-layout-flow\">\n<div class=\"wp-block-cover is-light has-custom-content-position is-position-bottom-center\" style=\"border-top-left-radius:16px;border-top-right-radius:16px;margin-top:0;margin-bottom:0;padding-top:0;padding-right:0;padding-bottom:0;padding-left:0;min-height:320px;aspect-ratio:unset;\"><img loading=\"lazy\" decoding=\"async\" width=\"768\" height=\"1024\" class=\"wp-block-cover__image-background wp-image-43 size-large\" alt=\"\" src=\"https:\/\/gaziantepcekicivearackurtarma.com\/wp-content\/uploads\/2026\/04\/gaziantep_cekici_ve_arac_kurtarma17-768x1024.jpeg\" data-object-fit=\"cover\" srcset=\"https:\/\/gaziantepcekicivearackurtarma.com\/wp-content\/uploads\/2026\/04\/gaziantep_cekici_ve_arac_kurtarma17-768x1024.jpeg 768w, https:\/\/gaziantepcekicivearackurtarma.com\/wp-content\/uploads\/2026\/04\/gaziantep_cekici_ve_arac_kurtarma17-225x300.jpeg 225w, https:\/\/gaziantepcekicivearackurtarma.com\/wp-content\/uploads\/2026\/04\/gaziantep_cekici_ve_arac_kurtarma17-1152x1536.jpeg 1152w, https:\/\/gaziantepcekicivearackurtarma.com\/wp-content\/uploads\/2026\/04\/gaziantep_cekici_ve_arac_kurtarma17.jpeg 1200w\" sizes=\"auto, (max-width: 768px) 100vw, 768px\" \/><span aria-hidden=\"true\" class=\"wp-block-cover__background has-background-dim-0 has-background-dim\" style=\"background-color:#e4f3bb\"><\/span><div class=\"wp-block-cover__inner-container is-layout-constrained wp-container-core-cover-is-layout-f1253992 wp-block-cover-is-layout-constrained\">\n<div class=\"wp-block-group has-background\" style=\"background-color:#ffffffe3\"><div class=\"wp-block-group__inner-container is-layout-constrained wp-block-group-is-layout-constrained\">\n<h5 class=\"wp-block-heading has-text-align-center\">Sanayi Sitesi<\/h5>\n\n\n\n<p class=\"has-text-align-center\" style=\"padding-top:8px;font-size:11px\">(K\u00fcsket Sanayi)<\/p>\n<\/div><\/div>\n<\/div><\/div>\n<\/div>\n\n\n\n<div class=\"wp-block-column is-layout-flow wp-block-column-is-layout-flow\">\n<div class=\"wp-block-cover is-light has-custom-content-position is-position-bottom-center\" style=\"border-top-left-radius:16px;border-top-right-radius:16px;margin-top:0;margin-bottom:0;padding-top:0;padding-right:0;padding-bottom:0;padding-left:0;min-height:320px;aspect-ratio:unset;\"><img loading=\"lazy\" decoding=\"async\" width=\"768\" height=\"1024\" class=\"wp-block-cover__image-background wp-image-42 size-large\" alt=\"\" src=\"https:\/\/gaziantepcekicivearackurtarma.com\/wp-content\/uploads\/2026\/04\/gaziantep_cekici_ve_arac_kurtarma9-768x1024.jpeg\" data-object-fit=\"cover\" srcset=\"https:\/\/gaziantepcekicivearackurtarma.com\/wp-content\/uploads\/2026\/04\/gaziantep_cekici_ve_arac_kurtarma9-768x1024.jpeg 768w, https:\/\/gaziantepcekicivearackurtarma.com\/wp-content\/uploads\/2026\/04\/gaziantep_cekici_ve_arac_kurtarma9-225x300.jpeg 225w, https:\/\/gaziantepcekicivearackurtarma.com\/wp-content\/uploads\/2026\/04\/gaziantep_cekici_ve_arac_kurtarma9-1152x1536.jpeg 1152w, https:\/\/gaziantepcekicivearackurtarma.com\/wp-content\/uploads\/2026\/04\/gaziantep_cekici_ve_arac_kurtarma9.jpeg 1200w\" sizes=\"auto, (max-width: 768px) 100vw, 768px\" \/><span aria-hidden=\"true\" class=\"wp-block-cover__background has-background-dim-0 has-background-dim\" style=\"background-color:#d5ecfa\"><\/span><div class=\"wp-block-cover__inner-container is-layout-constrained wp-container-core-cover-is-layout-f1253992 wp-block-cover-is-layout-constrained\">\n<div class=\"wp-block-group has-background\" style=\"background-color:#ffffffe3\"><div class=\"wp-block-group__inner-container is-layout-constrained wp-block-group-is-layout-constrained\">\n<h5 class=\"wp-block-heading has-text-align-center\">Okul Servisi<\/h5>\n\n\n\n<p class=\"has-text-align-center\" style=\"padding-top:8px;font-size:11px\">(A\u011f\u0131r ara\u00e7 kurtarma)<\/p>\n<\/div><\/div>\n<\/div><\/div>\n<\/div>\n<\/div>\n<\/div><\/div>\n\n\n\n<p><\/p>\n","protected":false},"excerpt":{"rendered":"<p>24 \/ 7 Hizmet 24 \/ 7 ara\u00e7 kurtarma ve \u00e7ekici hizmeti i\u00e7in haz\u0131r\u0131z. Her An Her Yerdeyiz Sadece Gaziantep&#8217;te de\u011fil her yerdeyiz! 100 % Memnuniyet Yolda kald\u0131m diye tasalanmay\u0131n! Emniyetle Ta\u015f\u0131ma 100 % Emniyetli bir \u015fekilde arac\u0131n\u0131z\u0131 \u00e7ekeriz Ara\u00e7 Kurtarma Referanslar\u0131m\u0131z Gaziantep \u00e7ekici ve ara\u00e7 kurtarma olarak \u015fimdiye kadar kurtard\u0131\u011f\u0131m\u0131z say\u0131s\u0131z ara\u00e7tan baz\u0131lar\u0131&#8230;<\/p>\n","protected":false},"author":1,"featured_media":0,"parent":0,"menu_order":0,"comment_status":"closed","ping_status":"closed","template":"","meta":{"om_disable_all_campaigns":false,"_monsterinsights_skip_tracking":false,"_monsterinsights_sitenote_active":false,"_monsterinsights_sitenote_note":"","_monsterinsights_sitenote_category":0,"_joinchat":[],"footnotes":""},"class_list":["post-6","page","type-page","status-publish","hentry"],"aioseo_notices":[],"_links":{"self":[{"href":"https:\/\/gaziantepcekicivearackurtarma.com\/index.php\/wp-json\/wp\/v2\/pages\/6","targetHints":{"allow":["GET"]}}],"collection":[{"href":"https:\/\/gaziantepcekicivearackurtarma.com\/index.php\/wp-json\/wp\/v2\/pages"}],"about":[{"href":"https:\/\/gaziantepcekicivearackurtarma.com\/index.php\/wp-json\/wp\/v2\/types\/page"}],"author":[{"embeddable":true,"href":"https:\/\/gaziantepcekicivearackurtarma.com\/index.php\/wp-json\/wp\/v2\/users\/1"}],"replies":[{"embeddable":true,"href":"https:\/\/gaziantepcekicivearackurtarma.com\/index.php\/wp-json\/wp\/v2\/comments?post=6"}],"version-history":[{"count":5,"href":"https:\/\/gaziantepcekicivearackurtarma.com\/index.php\/wp-json\/wp\/v2\/pages\/6\/revisions"}],"predecessor-version":[{"id":103,"href":"https:\/\/gaziantepcekicivearackurtarma.com\/index.php\/wp-json\/wp\/v2\/pages\/6\/revisions\/103"}],"wp:attachment":[{"href":"https:\/\/gaziantepcekicivearackurtarma.com\/index.php\/wp-json\/wp\/v2\/media?parent=6"}],"curies":[{"name":"wp","href":"https:\/\/api.w.org\/{rel}","templated":true}]}}